{"id":3706,"date":"2023-02-08T09:13:47","date_gmt":"2023-02-08T08:13:47","guid":{"rendered":"https:\/\/www.fondazionesanmichelearcangelo.com\/dona\/"},"modified":"2023-02-08T09:55:38","modified_gmt":"2023-02-08T08:55:38","slug":"dona","status":"publish","type":"page","link":"https:\/\/www.fondazionesanmichelearcangelo.com\/es\/dona\/","title":{"rendered":"Dona"},"content":{"rendered":"<p><div class=\"fusion-fullwidth fullwidth-box fusion-builder-row-1 fusion-flex-container nonhundred-percent-fullwidth non-hundred-percent-height-scrolling\" style=\"background-color: rgba(255,255,255,0);background-position: center center;background-repeat: no-repeat;border-width: 0px 0px 0px 0px;border-color:#e2e2e2;border-style:solid;\" ><div class=\"fusion-builder-row fusion-row fusion-flex-align-items-flex-start\" style=\"max-width:calc( 1300px + 40px );margin-left: calc(-40px \/ 2 );margin-right: calc(-40px \/ 2 );\"><div class=\"fusion-layout-column fusion_builder_column fusion-builder-column-0 fusion_builder_column_1_1 1_1 fusion-flex-column\"><div class=\"fusion-column-wrapper fusion-flex-justify-content-flex-start fusion-content-layout-column\" style=\"background-position:left top;background-repeat:no-repeat;-webkit-background-size:cover;-moz-background-size:cover;-o-background-size:cover;background-size:cover;padding: 0px 0px 90px 0px;\"><style type=\"text\/css\">@media only screen and (max-width:1024px) {.fusion-title.fusion-title-1{margin-top:0px!important; margin-right:0px!important;margin-bottom:15px!important;margin-left:0px!important;}}@media only screen and (max-width:767px) {.fusion-title.fusion-title-1{margin-top:0px!important; margin-right:0px!important;margin-bottom:20px!important; margin-left:0px!important;}}<\/style><div class=\"fusion-title title fusion-title-1 fusion-sep-none fusion-title-center fusion-title-text fusion-title-size-one\" style=\"margin-top:0px;margin-right:0px;margin-bottom:15px;margin-left:0px;\"><h1 class=\"title-heading-center fusion-responsive-typography-calculated\" style=\"margin:0;color:#3c3c3c;--fontSize:40;line-height:1.1;\"><strong>DONA<\/strong><\/h1><\/div><style type=\"text\/css\">@media only screen and (max-width:1024px) {.fusion-title.fusion-title-2{margin-top:!important;margin-right:!important;margin-bottom:0px!important; margin-left:!important;}}@media only screen and (max-width:767px) {.fusion-title.fusion-title-2{margin-top:0px!important; margin-right:0px!important;margin-bottom:0px!important; margin-left:0px!important;}}<\/style><div class=\"fusion-title title fusion-title-2 fusion-sep-none fusion-title-center fusion-title-text fusion-title-size-two\" style=\"margin-top:0px;margin-right:0px;margin-bottom:0px;margin-left:0px;\"><h2 class=\"title-heading-center fusion-responsive-typography-calculated\" style=\"font-family:&quot;PT Sans&quot;;font-weight:400;margin:0;color:#3c3c3c;--fontSize:40;line-height:1.1;\"><p>APOYA A LA FUNDACI\u00d3N<br \/>\nLA AMISTAD ES EL REGALO M\u00c1S GRANDE<\/p><\/h2><\/div><\/div><style type=\"text\/css\">.fusion-body .fusion-builder-column-0{width:100% !important;margin-top : 0px;margin-bottom : 0px;}.fusion-builder-column-0 > .fusion-column-wrapper {padding-top : 0px !important;padding-right : 0px !important;margin-right : 20px;padding-bottom : 90px !important;padding-left : 0px !important;margin-left : 20px;}@media only screen and (max-width:1024px) {.fusion-body .fusion-builder-column-0{width:100% !important;order : 0;}.fusion-builder-column-0 > .fusion-column-wrapper {margin-right : 20px;margin-left : 20px;}}@media only screen and (max-width:767px) {.fusion-body .fusion-builder-column-0{width:100% !important;order : 0;}.fusion-builder-column-0 > .fusion-column-wrapper {margin-right : 20px;margin-left : 20px;}}<\/style><\/div><div class=\"fusion-layout-column fusion_builder_column fusion-builder-column-1 fusion_builder_column_1_2 1_2 fusion-flex-column\"><div class=\"fusion-column-wrapper fusion-flex-justify-content-flex-start fusion-content-layout-column\" style=\"background-position:left top;background-repeat:no-repeat;-webkit-background-size:cover;-moz-background-size:cover;-o-background-size:cover;background-size:cover;padding: 0px 0px 0px 0px;\"><style type=\"text\/css\">@media only screen and (max-width:1024px) {.fusion-title.fusion-title-3{margin-top:0px!important; margin-right:0px!important;margin-bottom:30px!important;margin-left:0px!important;}}@media only screen and (max-width:767px) {.fusion-title.fusion-title-3{margin-top:0px!important; margin-right:0px!important;margin-bottom:20px!important; margin-left:0px!important;}}<\/style><div class=\"fusion-title title fusion-title-3 fusion-sep-none fusion-title-text fusion-title-size-three\" style=\"margin-top:0px;margin-right:0px;margin-bottom:30px;margin-left:0px;\"><h3 class=\"title-heading-left fusion-responsive-typography-calculated\" style=\"margin:0;--fontSize:43;line-height:1.07;\"><p>Hay que hacer el bien,<br \/>\n\u00a1pero tambi\u00e9n hay que hacerlo bien!<\/p><\/h3><\/div><div class=\"fusion-text fusion-text-1 fusion-text-no-margin\"><p>Esperamos que pod\u00e1is uniros a nuestros esfuerzos para construir nuevas posibilidades y ampliar los horizontes de nuestros j\u00f3venes.<br \/>\nMuchas gracias a quienes nos animan y apoyan a diario.<\/p>\n<\/div><\/div><style type=\"text\/css\">.fusion-body .fusion-builder-column-1{width:50% !important;margin-top : 0px;margin-bottom : 0px;}.fusion-builder-column-1 > .fusion-column-wrapper {padding-top : 0px !important;padding-right : 0px !important;margin-right : 20px;padding-bottom : 0px !important;padding-left : 0px !important;margin-left : 20px;}@media only screen and (max-width:1024px) {.fusion-body .fusion-builder-column-1{width:50% !important;order : 0;}.fusion-builder-column-1 > .fusion-column-wrapper {margin-right : 20px;margin-left : 20px;}}@media only screen and (max-width:767px) {.fusion-body .fusion-builder-column-1{width:100% !important;order : 0;}.fusion-builder-column-1 > .fusion-column-wrapper {margin-right : 20px;margin-left : 20px;}}<\/style><\/div><div class=\"fusion-layout-column fusion_builder_column fusion-builder-column-2 fusion_builder_column_1_2 1_2 fusion-flex-column\"><div class=\"fusion-column-wrapper fusion-flex-justify-content-flex-start fusion-content-layout-column\" style=\"background-position:left top;background-repeat:no-repeat;-webkit-background-size:cover;-moz-background-size:cover;-o-background-size:cover;background-size:cover;padding: 0px 0px 0px 0px;\"><div class=\"fusion-text fusion-text-2\"><p>Puedes hacer un donativo en la cuenta corriente de:<\/p>\n<p><strong>Fondazione San Michele Arcangelo<\/strong><br \/>\n<strong>IBAN<\/strong>: IT59 Y031 2403 2720 0000 0230 844<br \/>\n<strong>BIC<\/strong>: BAFUITRRXXX<br \/>\n<strong>Concepto<\/strong>: donaci\u00f3n ben\u00e9fica<\/p>\n<\/div><\/div><style type=\"text\/css\">.fusion-body .fusion-builder-column-2{width:50% !important;margin-top : 0px;margin-bottom : 0px;}.fusion-builder-column-2 > .fusion-column-wrapper {padding-top : 0px !important;padding-right : 0px !important;margin-right : 20px;padding-bottom : 0px !important;padding-left : 0px !important;margin-left : 20px;}@media only screen and (max-width:1024px) {.fusion-body .fusion-builder-column-2{width:50% !important;order : 0;}.fusion-builder-column-2 > .fusion-column-wrapper {margin-right : 20px;margin-left : 20px;}}@media only screen and (max-width:767px) {.fusion-body .fusion-builder-column-2{width:100% !important;order : 0;}.fusion-builder-column-2 > .fusion-column-wrapper {margin-right : 20px;margin-left : 20px;}}<\/style><\/div><\/div><style type=\"text\/css\">.fusion-body .fusion-flex-container.fusion-builder-row-1{ padding-top : 40px;margin-top : 0px;padding-right : 30px;padding-bottom : 20px;margin-bottom : 0px;padding-left : 30px;}@media only screen and (max-width:767px) {.fusion-body .fusion-flex-container.fusion-builder-row-1{ padding-top : 50px;padding-bottom : 50px;}}<\/style><\/div><div class=\"fusion-fullwidth fullwidth-box fusion-builder-row-2 fusion-flex-container nonhundred-percent-fullwidth non-hundred-percent-height-scrolling\" style=\"background-color: #f4f2f2;background-position: center center;background-repeat: no-repeat;border-width: 0px 0px 0px 0px;border-color:#e2e2e2;border-style:solid;\" ><div class=\"fusion-builder-row fusion-row fusion-flex-align-items-flex-start\" style=\"max-width:calc( 1300px + 40px );margin-left: calc(-40px \/ 2 );margin-right: calc(-40px \/ 2 );\"><div class=\"fusion-layout-column fusion_builder_column fusion-builder-column-3 fusion_builder_column_1_1 1_1 fusion-flex-column\"><div class=\"fusion-column-wrapper fusion-flex-justify-content-flex-start fusion-content-layout-column\" style=\"background-position:left top;background-repeat:no-repeat;-webkit-background-size:cover;-moz-background-size:cover;-o-background-size:cover;background-size:cover;padding: 0px 0px 0px 0px;\"><style type=\"text\/css\">@media only screen and (max-width:1024px) {.fusion-title.fusion-title-4{margin-top:0px!important; margin-right:0px!important;margin-bottom:30px!important;margin-left:0px!important;}}@media only screen and (max-width:767px) {.fusion-title.fusion-title-4{margin-top:0px!important; margin-right:0px!important;margin-bottom:20px!important; margin-left:0px!important;}}<\/style><div class=\"fusion-title title fusion-title-4 fusion-sep-none fusion-title-center fusion-title-text fusion-title-size-three underline\" style=\"margin-top:0px;margin-right:0px;margin-bottom:30px;margin-left:0px;\"><h3 class=\"title-heading-center fusion-responsive-typography-calculated\" style=\"margin:0;--fontSize:43;line-height:1.07;\">TRANSPARENCIA<\/h3><\/div><div class=\"fusion-text fusion-text-3 fusion-text-no-margin\"><p style=\"text-align: center;\">La solidez econ\u00f3mica y financiera es un valor fundamental para el crecimiento y la consolidaci\u00f3n empresarial.<br \/>\nConscientes de la importancia de seguir invirtiendo y desarroll\u00e1ndonos, hemos optado por hacerlo con la m\u00e1xima transparencia, en una relaci\u00f3n real y justa con todas las partes interesadas. Teniendo esto en cuenta, a partir de 2020 todas las Fundaciones someter\u00e1n sus estados financieros a una auditor\u00eda voluntaria (&#8220;Certificaci\u00f3n de Estados Financieros&#8221; en su acepci\u00f3n com\u00fan) por parte de una empresa auditora internacional de primera l\u00ednea.<br \/>\nLos estados financieros de 2020 est\u00e1n auditados por Baker Tilly Revisa<\/p>\n<\/div><\/div><style type=\"text\/css\">.fusion-body .fusion-builder-column-3{width:100% !important;margin-top : 0px;margin-bottom : 0px;}.fusion-builder-column-3 > .fusion-column-wrapper {padding-top : 0px !important;padding-right : 0px !important;margin-right : 20px;padding-bottom : 0px !important;padding-left : 0px !important;margin-left : 20px;}@media only screen and (max-width:1024px) {.fusion-body .fusion-builder-column-3{width:100% !important;order : 0;}.fusion-builder-column-3 > .fusion-column-wrapper {margin-right : 20px;margin-left : 20px;}}@media only screen and (max-width:767px) {.fusion-body .fusion-builder-column-3{width:100% !important;order : 0;}.fusion-builder-column-3 > .fusion-column-wrapper {margin-right : 20px;margin-left : 20px;}}<\/style><\/div><\/div><style type=\"text\/css\">.fusion-body .fusion-flex-container.fusion-builder-row-2{ padding-top : 120px;margin-top : 0px;padding-right : 30px;padding-bottom : 120px;margin-bottom : 0px;padding-left : 30px;}@media only screen and (max-width:767px) {.fusion-body .fusion-flex-container.fusion-builder-row-2{ padding-top : 50px;padding-bottom : 50px;}}<\/style><\/div><div class=\"fusion-fullwidth fullwidth-box fusion-builder-row-3 fusion-flex-container fusion-parallax-none nonhundred-percent-fullwidth non-hundred-percent-height-scrolling\" style=\"background-color: rgba(255,255,255,0);background-image: url(&quot;http:\/\/www.fondazionesanmichelearcangelo.com\/wp-content\/uploads\/2022\/07\/img-contact.jpg&quot;);background-position: left center;background-repeat: no-repeat;border-width: 0px 0px 0px 0px;border-color:#e2e2e2;border-style:solid;-webkit-background-size:cover;-moz-background-size:cover;-o-background-size:cover;background-size:cover;\" ><div class=\"fusion-builder-row fusion-row fusion-flex-align-items-flex-start\" style=\"max-width:calc( 1300px + 40px );margin-left: calc(-40px \/ 2 );margin-right: calc(-40px \/ 2 );\"><div class=\"fusion-layout-column fusion_builder_column fusion-builder-column-4 fusion_builder_column_1_1 1_1 fusion-flex-column\"><div class=\"fusion-column-wrapper fusion-flex-justify-content-flex-start fusion-content-layout-column\" style=\"background-position:left top;background-repeat:no-repeat;-webkit-background-size:cover;-moz-background-size:cover;-o-background-size:cover;background-size:cover;padding: 0px 0px 0px 0px;\"><\/div><style type=\"text\/css\">.fusion-body .fusion-builder-column-4{width:100% !important;margin-top : 0px;margin-bottom : 0px;}.fusion-builder-column-4 > .fusion-column-wrapper {padding-top : 0px !important;padding-right : 0px !important;margin-right : 20px;padding-bottom : 0px !important;padding-left : 0px !important;margin-left : 20px;}@media only screen and (max-width:1024px) {.fusion-body .fusion-builder-column-4{width:100% !important;order : 0;}.fusion-builder-column-4 > .fusion-column-wrapper {margin-right : 20px;margin-left : 20px;}}@media only screen and (max-width:767px) {.fusion-body .fusion-builder-column-4{width:100% !important;order : 0;}.fusion-builder-column-4 > .fusion-column-wrapper {margin-right : 20px;margin-left : 20px;}}<\/style><\/div><\/div><style type=\"text\/css\">.fusion-body .fusion-flex-container.fusion-builder-row-3{ padding-top : 340px;margin-top : 0px;padding-right : 30px;padding-bottom : 340px;margin-bottom : 0px;padding-left : 30px;}@media only screen and (max-width:767px) {.fusion-body .fusion-flex-container.fusion-builder-row-3{ padding-top : 125px;padding-bottom : 125px;}}<\/style><\/div><\/p>\n","protected":false},"excerpt":{"rendered":"","protected":false},"author":1,"featured_media":0,"parent":0,"menu_order":0,"comment_status":"closed","ping_status":"closed","template":"100-width.php","meta":{"footnotes":""},"class_list":["post-3706","page","type-page","status-publish","hentry"],"yoast_head":"<!-- This site is optimized with the Yoast SEO plugin v19.11 - https:\/\/yoast.com\/wordpress\/plugins\/seo\/ -->\n<title>Dona - Fondazione San Michele Arcangelo<\/title>\n<meta name=\"description\" content=\"\u00bfQuieres apoyar a la Fundaci\u00f3n San Michele Arcangelo y sus Obras? Haz un donativo y ay\u00fadanos a crear nuevas oportunidades para nuestros j\u00f3venes. \u00a1M\u00e1s informaci\u00f3n!\" \/>\n<meta name=\"robots\" content=\"index, follow, max-snippet:-1, max-image-preview:large, max-video-preview:-1\" \/>\n<link rel=\"canonical\" href=\"https:\/\/www.fondazionesanmichelearcangelo.com\/es\/dona\/\" \/>\n<meta property=\"og:locale\" content=\"es_ES\" \/>\n<meta property=\"og:type\" content=\"article\" \/>\n<meta property=\"og:title\" content=\"Dona - Fondazione San Michele Arcangelo\" \/>\n<meta property=\"og:description\" content=\"\u00bfQuieres apoyar a la Fundaci\u00f3n San Michele Arcangelo y sus Obras? Haz un donativo y ay\u00fadanos a crear nuevas oportunidades para nuestros j\u00f3venes. \u00a1M\u00e1s informaci\u00f3n!\" \/>\n<meta property=\"og:url\" content=\"https:\/\/www.fondazionesanmichelearcangelo.com\/es\/dona\/\" \/>\n<meta property=\"og:site_name\" content=\"Fondazione San Michele Arcangelo\" \/>\n<meta property=\"article:modified_time\" content=\"2023-02-08T08:55:38+00:00\" \/>\n<meta name=\"twitter:card\" content=\"summary_large_image\" \/>\n<meta name=\"twitter:label1\" content=\"Tiempo de lectura\" \/>\n\t<meta name=\"twitter:data1\" content=\"16 minutos\" \/>\n<script type=\"application\/ld+json\" class=\"yoast-schema-graph\">{\"@context\":\"https:\/\/schema.org\",\"@graph\":[{\"@type\":\"WebPage\",\"@id\":\"https:\/\/www.fondazionesanmichelearcangelo.com\/es\/dona\/\",\"url\":\"https:\/\/www.fondazionesanmichelearcangelo.com\/es\/dona\/\",\"name\":\"Dona - Fondazione San Michele Arcangelo\",\"isPartOf\":{\"@id\":\"https:\/\/www.fondazionesanmichelearcangelo.com\/es\/#website\"},\"datePublished\":\"2023-02-08T08:13:47+00:00\",\"dateModified\":\"2023-02-08T08:55:38+00:00\",\"description\":\"\u00bfQuieres apoyar a la Fundaci\u00f3n San Michele Arcangelo y sus Obras? Haz un donativo y ay\u00fadanos a crear nuevas oportunidades para nuestros j\u00f3venes. \u00a1M\u00e1s informaci\u00f3n!\",\"inLanguage\":\"es\",\"potentialAction\":[{\"@type\":\"ReadAction\",\"target\":[\"https:\/\/www.fondazionesanmichelearcangelo.com\/es\/dona\/\"]}]},{\"@type\":\"WebSite\",\"@id\":\"https:\/\/www.fondazionesanmichelearcangelo.com\/es\/#website\",\"url\":\"https:\/\/www.fondazionesanmichelearcangelo.com\/es\/\",\"name\":\"Fondazione San Michele Arcangelo\",\"description\":\"\",\"potentialAction\":[{\"@type\":\"SearchAction\",\"target\":{\"@type\":\"EntryPoint\",\"urlTemplate\":\"https:\/\/www.fondazionesanmichelearcangelo.com\/es\/?s={search_term_string}\"},\"query-input\":\"required name=search_term_string\"}],\"inLanguage\":\"es\"}]}<\/script>\n<!-- \/ Yoast SEO plugin. -->","yoast_head_json":{"title":"Dona - Fondazione San Michele Arcangelo","description":"\u00bfQuieres apoyar a la Fundaci\u00f3n San Michele Arcangelo y sus Obras? Haz un donativo y ay\u00fadanos a crear nuevas oportunidades para nuestros j\u00f3venes. \u00a1M\u00e1s informaci\u00f3n!","robots":{"index":"index","follow":"follow","max-snippet":"max-snippet:-1","max-image-preview":"max-image-preview:large","max-video-preview":"max-video-preview:-1"},"canonical":"https:\/\/www.fondazionesanmichelearcangelo.com\/es\/dona\/","og_locale":"es_ES","og_type":"article","og_title":"Dona - Fondazione San Michele Arcangelo","og_description":"\u00bfQuieres apoyar a la Fundaci\u00f3n San Michele Arcangelo y sus Obras? Haz un donativo y ay\u00fadanos a crear nuevas oportunidades para nuestros j\u00f3venes. \u00a1M\u00e1s informaci\u00f3n!","og_url":"https:\/\/www.fondazionesanmichelearcangelo.com\/es\/dona\/","og_site_name":"Fondazione San Michele Arcangelo","article_modified_time":"2023-02-08T08:55:38+00:00","twitter_card":"summary_large_image","twitter_misc":{"Tiempo de lectura":"16 minutos"},"schema":{"@context":"https:\/\/schema.org","@graph":[{"@type":"WebPage","@id":"https:\/\/www.fondazionesanmichelearcangelo.com\/es\/dona\/","url":"https:\/\/www.fondazionesanmichelearcangelo.com\/es\/dona\/","name":"Dona - Fondazione San Michele Arcangelo","isPartOf":{"@id":"https:\/\/www.fondazionesanmichelearcangelo.com\/es\/#website"},"datePublished":"2023-02-08T08:13:47+00:00","dateModified":"2023-02-08T08:55:38+00:00","description":"\u00bfQuieres apoyar a la Fundaci\u00f3n San Michele Arcangelo y sus Obras? Haz un donativo y ay\u00fadanos a crear nuevas oportunidades para nuestros j\u00f3venes. \u00a1M\u00e1s informaci\u00f3n!","inLanguage":"es","potentialAction":[{"@type":"ReadAction","target":["https:\/\/www.fondazionesanmichelearcangelo.com\/es\/dona\/"]}]},{"@type":"WebSite","@id":"https:\/\/www.fondazionesanmichelearcangelo.com\/es\/#website","url":"https:\/\/www.fondazionesanmichelearcangelo.com\/es\/","name":"Fondazione San Michele Arcangelo","description":"","potentialAction":[{"@type":"SearchAction","target":{"@type":"EntryPoint","urlTemplate":"https:\/\/www.fondazionesanmichelearcangelo.com\/es\/?s={search_term_string}"},"query-input":"required name=search_term_string"}],"inLanguage":"es"}]}},"_links":{"self":[{"href":"https:\/\/www.fondazionesanmichelearcangelo.com\/es\/wp-json\/wp\/v2\/pages\/3706","targetHints":{"allow":["GET"]}}],"collection":[{"href":"https:\/\/www.fondazionesanmichelearcangelo.com\/es\/wp-json\/wp\/v2\/pages"}],"about":[{"href":"https:\/\/www.fondazionesanmichelearcangelo.com\/es\/wp-json\/wp\/v2\/types\/page"}],"author":[{"embeddable":true,"href":"https:\/\/www.fondazionesanmichelearcangelo.com\/es\/wp-json\/wp\/v2\/users\/1"}],"replies":[{"embeddable":true,"href":"https:\/\/www.fondazionesanmichelearcangelo.com\/es\/wp-json\/wp\/v2\/comments?post=3706"}],"version-history":[{"count":5,"href":"https:\/\/www.fondazionesanmichelearcangelo.com\/es\/wp-json\/wp\/v2\/pages\/3706\/revisions"}],"predecessor-version":[{"id":3789,"href":"https:\/\/www.fondazionesanmichelearcangelo.com\/es\/wp-json\/wp\/v2\/pages\/3706\/revisions\/3789"}],"wp:attachment":[{"href":"https:\/\/www.fondazionesanmichelearcangelo.com\/es\/wp-json\/wp\/v2\/media?parent=3706"}],"curies":[{"name":"wp","href":"https:\/\/api.w.org\/{rel}","templated":true}]}}