{"id":3790,"date":"2023-02-08T09:56:12","date_gmt":"2023-02-08T08:56:12","guid":{"rendered":"https:\/\/www.fondazionesanmichelearcangelo.com\/declaracion-de-privacidad-y-tratamiento-de-los-datos\/"},"modified":"2023-02-08T09:56:13","modified_gmt":"2023-02-08T08:56:13","slug":"declaracion-de-privacidad-y-tratamiento-de-los-datos","status":"publish","type":"page","link":"https:\/\/www.fondazionesanmichelearcangelo.com\/es\/declaracion-de-privacidad-y-tratamiento-de-los-datos\/","title":{"rendered":"Declaraci\u00f3n de privacidad y tratamiento de los datos"},"content":{"rendered":"<div class=\"fusion-fullwidth fullwidth-box fusion-builder-row-1 fusion-flex-container hundred-percent-fullwidth non-hundred-percent-height-scrolling\" style=\"background-color: rgba(255,255,255,0);background-position: center center;background-repeat: no-repeat;border-width: 0px 0px 0px 0px;border-color:#e2e2e2;border-style:solid;\" ><div class=\"fusion-builder-row fusion-row fusion-flex-align-items-flex-start\" style=\"width:calc( 100% + 40px ) !important;max-width:calc( 100% + 40px ) !important;margin-left: calc(-40px \/ 2 );margin-right: calc(-40px \/ 2 );\"><div class=\"fusion-layout-column fusion_builder_column fusion-builder-column-0 fusion_builder_column_1_1 1_1 fusion-flex-column\"><div class=\"fusion-column-wrapper fusion-flex-justify-content-flex-start fusion-content-layout-row fusion-content-nowrap\" style=\"background-position:left top;background-repeat:no-repeat;-webkit-background-size:cover;-moz-background-size:cover;-o-background-size:cover;background-size:cover;padding: 0px 0px 0px 0px;\"><div class=\"fusion-text fusion-text-1 overflow-wrap\"><p>Informativa ai sensi del Regolamento Europeo 2016\/679<br \/>\nGDPR \u2013 General Data Protection Regulation<\/p>\n<p>Ai sensi e per gli effetti dell\u2019art. 13 del Regolamento Europeo 2016\/679 la sottoscritta<strong> Fondazione San Michele Arcangelo<\/strong>, con sede legale in via Previtali, 18 24122 Bergamo (Italia), La informa che i dati personali da Lei forniti, ovvero altrimenti acquisiti nell&#8217;ambito della attivit\u00e0 espletata dalla nostra Fondazione, potranno formare oggetto di trattamento.<\/p>\n<p>Per trattamento dei dati personali e sensibili, si intende, ai sensi dell&#8217;art. 4 comma 2 del Regolamento Europeo 2016\/679, \u201cqualsiasi operazione o insieme di operazioni, compiute con o senza l\u2019ausilio di processi automatizzati e applicate a dati personali o insieme di dati personali, come la raccolta, la registrazione, l\u2019organizzazione, la strutturazione, la conservazione, l\u2019adattamento o la modifica, l\u2019estrazione, la consultazione, l\u2019uso, la comunicazione mediante trasmissione, diffusione o qualsiasi altra forma di messa a disposizione, il raffronto o l\u2019interconnessione, la limitazione, la cancellazione o la distruzione\u201d.<\/p>\n<p><strong>La Fondazione San Michele Arcangelo<\/strong> garantisce che il trattamento dei dati personali si svolga nel rispetto della normativa sopra richiamata, dei diritti e delle libert\u00e0 fondamentali, nonch\u00e9 della dignit\u00e0 dell\u2019interessato, con particolare riferimento alla riservatezza, all\u2019identit\u00e0 personale e al diritto alla protezione dei dati personali, oltre che delle altre leggi vigenti e degli obblighi di riservatezza cui \u00e8 ispirata l\u2019attivit\u00e0 della Fondazione.<\/p>\n<p><strong>Dati personali<\/strong><br \/>\nPer \u201cDato Personale\u201d si intende qualsiasi informazione riguardante una persona fisica identificata o identificabile (\u201cinteressato\u201d): si considera identificabile la persona fisica che pu\u00f2 essere identificata, direttamente o indirettamente, con particolare riferimento a un identificativo come il nome, un numero identificativo, dati relativi all\u2019ubicazione, un identificativo online o a uno o pi\u00f9 elementi caratteristici della sua identit\u00e0 fisica, fisiologica, genetica, psichica, economica, culturale e sociale.<br \/>\nPer categorie particolari di dati personali (meglio conosciuti \u201cdati sensibili\u201d) si intendono quelli che rivelano l\u2019origine razziale o etnica, le opinioni politiche, le convinzioni religiose o filosofiche, o l\u2019appartenenza sindacale, nonch\u00e9 dati genetici, dati biometrici intesi ad identificare in modo univoco una persona fisica, dati relativi alla salute o alla vita sessuale o l\u2019orientamento sessuale della persona.<\/p>\n<ol type=\"1\">\n<li><strong>Finalit\u00e0 del trattamento (Finalit\u00e0 Richieste Informazioni)<\/strong><br \/>\n<strong>La Fondazione San Michele Arcangelo<\/strong> proceder\u00e0 alla raccolta, conservazione e archiviazione dei dati personali da Lei trasmessi, attraverso il form di raccolta informazioni.<br \/>\nI dati raccolti e trattati da Lei forniti sono:<br \/>\n\u2981 Nome*<br \/>\n\u2981 Cognome*<br \/>\n\u2981 Sesso<br \/>\n\u2981 Data di nascita<br \/>\n\u2981 E-mail*<br \/>\n\u2981 Numero di telefono*<br \/>\n\u2981 Richiesta (campo libero)<br \/>\nI dati segnati con (*) sono obbligatori.<br \/>\nI dati raccolti e trattati sono strumentali per rispondere alle richieste di informazioni e all\u2019esigenza di essere contattati dai nostri uffici.<br \/>\nQualora si riscontrasse la presenza, nel testo del messaggio, di dati personali idonei a rivelare l&#8217;origine razziale o etnica, le opinioni politiche, le convinzioni religiose o filosofiche, o l\u2019appartenenza sindacale, nonch\u00e9 i dati personali idonei a rivelare lo stato di salute o la vita sessuale o l\u2019orientamento sessuale o di informazioni comunque qualificabili come \u201ccategorie particolari di dati personali\u201d ai sensi dell&#8217;art. 9 del Regolamento Europeo 2016\/679, comporter\u00e0 la immediata eliminazione dei relativi dati.<\/li>\n<li><strong>Ulteriori finalit\u00e0 del trattamento (Comunicazioni istituzionali)<\/strong><br \/>\nGli stessi dati raccolti e trattati possono essere utilizzati per le attivit\u00e0 di comunicazioni istituzionali e possono essere comunicati a societ\u00e0 e fondazioni controllate dalla Fondazione San Michele Arcangelo o a societ\u00e0 terze per il raggiungimento delle medesime finalit\u00e0.<\/li>\n<li><strong>Ulteriori finalit\u00e0 del trattamento (attivit\u00e0 di profilazione)<\/strong><br \/>\nGli stessi dati raccolti e trattati possono essere utilizzati per le attivit\u00e0 di profilazione e possono essere comunicati a societ\u00e0 e fondazioni controllate dalla Fondazione San Michele Arcangelo o a societ\u00e0 terze per il raggiungimento delle medesime finalit\u00e0.<br \/>\nSi precisa che i processi di profilazione non sono completamente automatizzati in quanto il trattamento e la valutazione delle risultanze sono attivit\u00e0 gestite manualmente direttamente dal nostro personale incaricato e specificatamente formato.<br \/>\nSi ricorda che il consenso dato pu\u00f2 essere revocato in qualsiasi momento.<\/li>\n<li><strong>Natura di un eventuale mancato conferimento dei dati<\/strong><br \/>\nIl rifiuto del conferimento dei dati in tutto o in parte pu\u00f2 dar luogo all&#8217;impossibilit\u00e0 per la Scrivente di trattare i Suoi dati e conseguentemente all\u2019impossibilit\u00e0 di dar seguito alle operazioni di trattamento descritte al punto 1).<br \/>\nIl mancato consenso alle ulteriori finalit\u00e0 del trattamento descritte al punto 2) e al punto 3) non pregiudica in alcun modo di usufruire delle funzionalit\u00e0 proposte dal form di raccolta informazioni.<\/li>\n<li><strong>Periodo di trattamento ed archiviazione dei dati<\/strong><br \/>\nI Suoi dati personali saranno trattati e conservati presso il Titolare del Trattamento per il tempo strettamente necessario alle operazioni di trattamento descritte e secondo i termini di legge e, comunque, non oltre 48 mesi da Sua ultima richiesta di contatto, salvo l\u2019eventuale instaurazione di rapporti contrattuali con il Titolare.<\/li>\n<li><strong>Modalit\u00e0 del trattamento<\/strong><br \/>\nIl trattamento dei dati personali avviene all\u2019interno della sede mediante strumenti manuali, informatici e telematici, con logiche strettamente correlate alle finalit\u00e0 stesse e comunque in modo da garantire la sicurezza e la riservatezza dei dati stessi nel rispetto delle regole di riservatezza e di sicurezza previste dalla legge, dai regolamenti conseguenti e da disposizioni interne.<\/li>\n<li><strong>Comunicazione dei dati personali<\/strong><br \/>\nTutti i dati raccolti ed elaborati potranno essere comunicati, per le finalit\u00e0 sopra specificate, alle seguenti categorie di incaricati e\/o responsabili interni ed esterni individuati per iscritto e ai quali sono state date specifiche istruzioni scritte:<\/p>\n<ul type=\"-\">\n<li>Segreteria generale della Fondazione San Michele Arcangelo;<\/li>\n<li>Ufficio Comunicazione e Fundraising della controllata Consorzio OFFICIUM;<\/li>\n<li>Ufficio IT della controllata Consorzio OFFICIUM.<\/li>\n<\/ul>\n<p>I dati da Lei forniti potranno essere comunicati per essere sottoposti a trattamenti correlati, aventi le medesime finalit\u00e0 e limitatamente a quanto di stretta competenza ai dipendenti delle altre societ\u00e0 e fondazioni che fanno capo alla Fondazione San Michele Arcangelo.<br \/>\nIl Titolare del trattamento dei dati non trasferisce dati personali in paesi terzi.<\/li>\n<li><strong>Diritti dell&#8217;interessato<\/strong><br \/>\nAi sensi del Regolamento Europeo 2016\/679 l\u2019interessato ha il diritto:<\/p>\n<ul>\n<li>di accesso ai dati personali;<\/li>\n<li>di ottenere la rettifica o la cancellazione degli stessi o la limitazione del trattamento che lo riguardano;<\/li>\n<li>di opporsi al trattamento;<\/li>\n<li>alla portabilit\u00e0 dei dati;<\/li>\n<li>di revocare il consenso, ove previsto: la revoca del consenso non pregiudica la liceit\u00e0 del trattamento basata sul consenso conferito prima della revoca;<\/li>\n<li>di proporre reclamo all&#8217;autorit\u00e0 di controllo (Garante Privacy).<\/li>\n<\/ul>\n<\/li>\n<li><strong>Titolare<\/strong><br \/>\nIl Titolare del trattamento \u00e8 la Fondazione San Michele Arcangelo con sede legale in via Andrea Previtali, 1824122 Bergamo &#8211; Italia in persona del suo legale rappresentante al quale potr\u00e0 rivolgersi per l\u2019esercizio dei Suoi diritti attraverso l\u2019invio di una richiesta mediante e-mail all\u2019indirizzo privacy@fondazionesanmichelearcangelo.com o, in alternativa, via posta ordinaria all\u2019indirizzo via Andrea Previtali, 18 24122 Bergamo.<\/li>\n<\/ol>\n<\/div><\/div><style type=\"text\/css\">.fusion-body .fusion-builder-column-0{width:100% !important;margin-top : 0px;margin-bottom : 0px;}.fusion-builder-column-0 > .fusion-column-wrapper {padding-top : 0px !important;padding-right : 0px !important;margin-right : 20px;padding-bottom : 0px !important;padding-left : 0px !important;margin-left : 20px;}@media only screen and (max-width:1024px) {.fusion-body .fusion-builder-column-0{width:100% !important;order : 0;}.fusion-builder-column-0 > .fusion-column-wrapper {margin-right : 20px;margin-left : 20px;}}@media only screen and (max-width:767px) {.fusion-body .fusion-builder-column-0{width:100% !important;order : 0;}.fusion-builder-column-0 > .fusion-column-wrapper {margin-right : 20px;margin-left : 20px;}}<\/style><\/div><\/div><style type=\"text\/css\">.fusion-body .fusion-flex-container.fusion-builder-row-1{ padding-top : 40px;margin-top : 0px;padding-right : 30px;padding-bottom : 20px;margin-bottom : 0px;padding-left : 30px;}<\/style><\/div>\n","protected":false},"excerpt":{"rendered":"","protected":false},"author":1,"featured_media":0,"parent":0,"menu_order":0,"comment_status":"closed","ping_status":"open","template":"100-width.php","meta":{"footnotes":""},"class_list":["post-3790","page","type-page","status-publish","hentry"],"yoast_head":"<!-- This site is optimized with the Yoast SEO plugin v19.11 - https:\/\/yoast.com\/wordpress\/plugins\/seo\/ -->\n<title>Declaraci\u00f3n de privacidad y tratamiento de los datos - Fondazione San Michele Arcangelo<\/title>\n<meta name=\"description\" content=\"Nota informativa seg\u00fan el Reglamento Europeo 2016\/679 RGPD - Reglamento general de protecci\u00f3n de datos\" \/>\n<meta name=\"robots\" content=\"index, follow, max-snippet:-1, max-image-preview:large, max-video-preview:-1\" \/>\n<link rel=\"canonical\" href=\"https:\/\/www.fondazionesanmichelearcangelo.com\/es\/declaracion-de-privacidad-y-tratamiento-de-los-datos\/\" \/>\n<meta property=\"og:locale\" content=\"es_ES\" \/>\n<meta property=\"og:type\" content=\"article\" \/>\n<meta property=\"og:title\" content=\"Declaraci\u00f3n de privacidad y tratamiento de los datos - Fondazione San Michele Arcangelo\" \/>\n<meta property=\"og:description\" content=\"Nota informativa seg\u00fan el Reglamento Europeo 2016\/679 RGPD - Reglamento general de protecci\u00f3n de datos\" \/>\n<meta property=\"og:url\" content=\"https:\/\/www.fondazionesanmichelearcangelo.com\/es\/declaracion-de-privacidad-y-tratamiento-de-los-datos\/\" \/>\n<meta property=\"og:site_name\" content=\"Fondazione San Michele Arcangelo\" \/>\n<meta property=\"article:modified_time\" content=\"2023-02-08T08:56:13+00:00\" \/>\n<meta name=\"twitter:card\" content=\"summary_large_image\" \/>\n<meta name=\"twitter:label1\" content=\"Tiempo de lectura\" \/>\n\t<meta name=\"twitter:data1\" content=\"9 minutos\" \/>\n<script type=\"application\/ld+json\" class=\"yoast-schema-graph\">{\"@context\":\"https:\/\/schema.org\",\"@graph\":[{\"@type\":\"WebPage\",\"@id\":\"https:\/\/www.fondazionesanmichelearcangelo.com\/es\/declaracion-de-privacidad-y-tratamiento-de-los-datos\/\",\"url\":\"https:\/\/www.fondazionesanmichelearcangelo.com\/es\/declaracion-de-privacidad-y-tratamiento-de-los-datos\/\",\"name\":\"Declaraci\u00f3n de privacidad y tratamiento de los datos - Fondazione San Michele Arcangelo\",\"isPartOf\":{\"@id\":\"https:\/\/www.fondazionesanmichelearcangelo.com\/es\/#website\"},\"datePublished\":\"2023-02-08T08:56:12+00:00\",\"dateModified\":\"2023-02-08T08:56:13+00:00\",\"description\":\"Nota informativa seg\u00fan el Reglamento Europeo 2016\/679 RGPD - Reglamento general de protecci\u00f3n de datos\",\"inLanguage\":\"es\",\"potentialAction\":[{\"@type\":\"ReadAction\",\"target\":[\"https:\/\/www.fondazionesanmichelearcangelo.com\/es\/declaracion-de-privacidad-y-tratamiento-de-los-datos\/\"]}]},{\"@type\":\"WebSite\",\"@id\":\"https:\/\/www.fondazionesanmichelearcangelo.com\/es\/#website\",\"url\":\"https:\/\/www.fondazionesanmichelearcangelo.com\/es\/\",\"name\":\"Fondazione San Michele Arcangelo\",\"description\":\"\",\"potentialAction\":[{\"@type\":\"SearchAction\",\"target\":{\"@type\":\"EntryPoint\",\"urlTemplate\":\"https:\/\/www.fondazionesanmichelearcangelo.com\/es\/?s={search_term_string}\"},\"query-input\":\"required name=search_term_string\"}],\"inLanguage\":\"es\"}]}<\/script>\n<!-- \/ Yoast SEO plugin. -->","yoast_head_json":{"title":"Declaraci\u00f3n de privacidad y tratamiento de los datos - Fondazione San Michele Arcangelo","description":"Nota informativa seg\u00fan el Reglamento Europeo 2016\/679 RGPD - Reglamento general de protecci\u00f3n de datos","robots":{"index":"index","follow":"follow","max-snippet":"max-snippet:-1","max-image-preview":"max-image-preview:large","max-video-preview":"max-video-preview:-1"},"canonical":"https:\/\/www.fondazionesanmichelearcangelo.com\/es\/declaracion-de-privacidad-y-tratamiento-de-los-datos\/","og_locale":"es_ES","og_type":"article","og_title":"Declaraci\u00f3n de privacidad y tratamiento de los datos - Fondazione San Michele Arcangelo","og_description":"Nota informativa seg\u00fan el Reglamento Europeo 2016\/679 RGPD - Reglamento general de protecci\u00f3n de datos","og_url":"https:\/\/www.fondazionesanmichelearcangelo.com\/es\/declaracion-de-privacidad-y-tratamiento-de-los-datos\/","og_site_name":"Fondazione San Michele Arcangelo","article_modified_time":"2023-02-08T08:56:13+00:00","twitter_card":"summary_large_image","twitter_misc":{"Tiempo de lectura":"9 minutos"},"schema":{"@context":"https:\/\/schema.org","@graph":[{"@type":"WebPage","@id":"https:\/\/www.fondazionesanmichelearcangelo.com\/es\/declaracion-de-privacidad-y-tratamiento-de-los-datos\/","url":"https:\/\/www.fondazionesanmichelearcangelo.com\/es\/declaracion-de-privacidad-y-tratamiento-de-los-datos\/","name":"Declaraci\u00f3n de privacidad y tratamiento de los datos - Fondazione San Michele Arcangelo","isPartOf":{"@id":"https:\/\/www.fondazionesanmichelearcangelo.com\/es\/#website"},"datePublished":"2023-02-08T08:56:12+00:00","dateModified":"2023-02-08T08:56:13+00:00","description":"Nota informativa seg\u00fan el Reglamento Europeo 2016\/679 RGPD - Reglamento general de protecci\u00f3n de datos","inLanguage":"es","potentialAction":[{"@type":"ReadAction","target":["https:\/\/www.fondazionesanmichelearcangelo.com\/es\/declaracion-de-privacidad-y-tratamiento-de-los-datos\/"]}]},{"@type":"WebSite","@id":"https:\/\/www.fondazionesanmichelearcangelo.com\/es\/#website","url":"https:\/\/www.fondazionesanmichelearcangelo.com\/es\/","name":"Fondazione San Michele Arcangelo","description":"","potentialAction":[{"@type":"SearchAction","target":{"@type":"EntryPoint","urlTemplate":"https:\/\/www.fondazionesanmichelearcangelo.com\/es\/?s={search_term_string}"},"query-input":"required name=search_term_string"}],"inLanguage":"es"}]}},"_links":{"self":[{"href":"https:\/\/www.fondazionesanmichelearcangelo.com\/es\/wp-json\/wp\/v2\/pages\/3790","targetHints":{"allow":["GET"]}}],"collection":[{"href":"https:\/\/www.fondazionesanmichelearcangelo.com\/es\/wp-json\/wp\/v2\/pages"}],"about":[{"href":"https:\/\/www.fondazionesanmichelearcangelo.com\/es\/wp-json\/wp\/v2\/types\/page"}],"author":[{"embeddable":true,"href":"https:\/\/www.fondazionesanmichelearcangelo.com\/es\/wp-json\/wp\/v2\/users\/1"}],"replies":[{"embeddable":true,"href":"https:\/\/www.fondazionesanmichelearcangelo.com\/es\/wp-json\/wp\/v2\/comments?post=3790"}],"version-history":[{"count":2,"href":"https:\/\/www.fondazionesanmichelearcangelo.com\/es\/wp-json\/wp\/v2\/pages\/3790\/revisions"}],"predecessor-version":[{"id":3792,"href":"https:\/\/www.fondazionesanmichelearcangelo.com\/es\/wp-json\/wp\/v2\/pages\/3790\/revisions\/3792"}],"wp:attachment":[{"href":"https:\/\/www.fondazionesanmichelearcangelo.com\/es\/wp-json\/wp\/v2\/media?parent=3790"}],"curies":[{"name":"wp","href":"https:\/\/api.w.org\/{rel}","templated":true}]}}